{"id":471,"date":"2022-12-06T08:58:14","date_gmt":"2022-12-06T07:58:14","guid":{"rendered":"https:\/\/foxautorent.com.ethereal.hu\/?page_id=471"},"modified":"2023-03-31T06:51:19","modified_gmt":"2023-03-31T05:51:19","slug":"autoberles","status":"publish","type":"page","link":"https:\/\/foxautorent.com\/es\/autoberles\/","title":{"rendered":"Aut\u00f3b\u00e9rl\u00e9s"},"content":{"rendered":"<div data-elementor-type=\"wp-page\" data-elementor-id=\"471\" class=\"elementor elementor-471\" data-elementor-post-type=\"page\">\n\t\t\t\t\t\t<section class=\"elementor-section elementor-top-section elementor-element elementor-element-87fe8a2 elementor-section-height-min-height elementor-section-boxed elementor-section-height-default elementor-section-items-middle\" data-id=\"87fe8a2\" data-element_type=\"section\" data-e-type=\"section\">\n\t\t\t\t\t\t<div class=\"elementor-container elementor-column-gap-default\">\n\t\t\t\t\t<div class=\"elementor-column elementor-col-100 elementor-top-column elementor-element elementor-element-c6aed7f\" data-id=\"c6aed7f\" data-element_type=\"column\" data-e-type=\"column\">\n\t\t\t<div class=\"elementor-widget-wrap elementor-element-populated\">\n\t\t\t\t\t\t<div class=\"elementor-element elementor-element-0321a20 elementor-widget elementor-widget-html\" data-id=\"0321a20\" data-element_type=\"widget\" data-e-type=\"widget\" data-widget_type=\"html.default\">\n\t\t\t\t<div class=\"elementor-widget-container\">\n\t\t\t\t\t<!-- Place the following code in the head of the page -->\r\n<script type=\"text\/javascript\" src=\"https:\/\/foxautorent.wheelsys.ms\/jsHandler.ashx?elementId=wheelsbook&amp;language=en\" ><\/script>\r\n<!-- Place the following code in the section of the page where you want the booking engine to appear -->\r\n<!-- We strongly suggest to avoid absolute positioning of the root element -->\r\n<div id=\"wheelsbook\"><\/div>\t\t\t\t<\/div>\n\t\t\t\t<\/div>\n\t\t\t\t\t<\/div>\n\t\t<\/div>\n\t\t\t\t\t<\/div>\n\t\t<\/section>\n\t\t\t\t<\/div>","protected":false},"excerpt":{"rendered":"","protected":false},"author":1,"featured_media":0,"parent":0,"menu_order":0,"comment_status":"closed","ping_status":"closed","template":"elementor_header_footer","meta":{"footnotes":""},"class_list":["post-471","page","type-page","status-publish","hentry"],"_links":{"self":[{"href":"https:\/\/foxautorent.com\/es\/wp-json\/wp\/v2\/pages\/471","targetHints":{"allow":["GET"]}}],"collection":[{"href":"https:\/\/foxautorent.com\/es\/wp-json\/wp\/v2\/pages"}],"about":[{"href":"https:\/\/foxautorent.com\/es\/wp-json\/wp\/v2\/types\/page"}],"author":[{"embeddable":true,"href":"https:\/\/foxautorent.com\/es\/wp-json\/wp\/v2\/users\/1"}],"replies":[{"embeddable":true,"href":"https:\/\/foxautorent.com\/es\/wp-json\/wp\/v2\/comments?post=471"}],"version-history":[{"count":34,"href":"https:\/\/foxautorent.com\/es\/wp-json\/wp\/v2\/pages\/471\/revisions"}],"predecessor-version":[{"id":938,"href":"https:\/\/foxautorent.com\/es\/wp-json\/wp\/v2\/pages\/471\/revisions\/938"}],"wp:attachment":[{"href":"https:\/\/foxautorent.com\/es\/wp-json\/wp\/v2\/media?parent=471"}],"curies":[{"name":"wp","href":"https:\/\/api.w.org\/{rel}","templated":true}]}}