{"id":619,"date":"2022-12-13T16:37:22","date_gmt":"2022-12-13T15:37:22","guid":{"rendered":"https:\/\/splendid-selection.localsite.io\/?page_id=619"},"modified":"2024-07-24T16:31:51","modified_gmt":"2024-07-24T15:31:51","slug":"faqall","status":"publish","type":"page","link":"https:\/\/foxautorent.com\/he\/faqall\/","title":{"rendered":"FAQALL"},"content":{"rendered":"<div data-elementor-type=\"wp-page\" data-elementor-id=\"619\" class=\"elementor elementor-619\" data-elementor-post-type=\"page\">\n\t\t\t\t\t\t<section class=\"elementor-section elementor-top-section elementor-element elementor-element-1e9fd2b elementor-section-boxed elementor-section-height-default elementor-section-height-default\" data-id=\"1e9fd2b\" data-element_type=\"section\" data-e-type=\"section\">\n\t\t\t\t\t\t<div class=\"elementor-container elementor-column-gap-default\">\n\t\t\t\t\t<div class=\"elementor-column elementor-col-100 elementor-top-column elementor-element elementor-element-fa9182b\" data-id=\"fa9182b\" data-element_type=\"column\" data-e-type=\"column\">\n\t\t\t<div class=\"elementor-widget-wrap elementor-element-populated\">\n\t\t\t\t\t\t<div class=\"elementor-element elementor-element-60dc837 elementor-widget elementor-widget-spacer\" data-id=\"60dc837\" data-element_type=\"widget\" data-e-type=\"widget\" data-widget_type=\"spacer.default\">\n\t\t\t\t<div class=\"elementor-widget-container\">\n\t\t\t\t\t\t\t<div class=\"elementor-spacer\">\n\t\t\t<div class=\"elementor-spacer-inner\"><\/div>\n\t\t<\/div>\n\t\t\t\t\t\t<\/div>\n\t\t\t\t<\/div>\n\t\t\t\t\t<\/div>\n\t\t<\/div>\n\t\t\t\t\t<\/div>\n\t\t<\/section>\n\t\t\t\t<section class=\"elementor-section elementor-top-section elementor-element elementor-element-7189044 elementor-section-boxed elementor-section-height-default elementor-section-height-default\" data-id=\"7189044\" data-element_type=\"section\" data-e-type=\"section\">\n\t\t\t\t\t\t<div class=\"elementor-container elementor-column-gap-default\">\n\t\t\t\t\t<div class=\"elementor-column elementor-col-50 elementor-top-column elementor-element elementor-element-aaacf98\" data-id=\"aaacf98\" data-element_type=\"column\" data-e-type=\"column\">\n\t\t\t<div class=\"elementor-widget-wrap elementor-element-populated\">\n\t\t\t\t\t\t<div class=\"elementor-element elementor-element-8eb6cf8 elementor-widget__width-initial elementor-widget elementor-widget-image\" data-id=\"8eb6cf8\" data-element_type=\"widget\" data-e-type=\"widget\" data-widget_type=\"image.default\">\n\t\t\t\t<div class=\"elementor-widget-container\">\n\t\t\t\t\t\t\t\t\t\t\t\t\t\t\t<img fetchpriority=\"high\" decoding=\"async\" width=\"800\" height=\"800\" src=\"https:\/\/foxautorent.com\/wp-content\/uploads\/2024\/07\/Nevtelen-terv-1-1024x1024.png\" class=\"attachment-large size-large wp-image-966\" alt=\"\" srcset=\"https:\/\/foxautorent.com\/wp-content\/uploads\/2024\/07\/Nevtelen-terv-1-1024x1024.png 1024w, https:\/\/foxautorent.com\/wp-content\/uploads\/2024\/07\/Nevtelen-terv-1-300x300.png 300w, https:\/\/foxautorent.com\/wp-content\/uploads\/2024\/07\/Nevtelen-terv-1-150x150.png 150w, https:\/\/foxautorent.com\/wp-content\/uploads\/2024\/07\/Nevtelen-terv-1-768x768.png 768w, https:\/\/foxautorent.com\/wp-content\/uploads\/2024\/07\/Nevtelen-terv-1-12x12.png 12w, https:\/\/foxautorent.com\/wp-content\/uploads\/2024\/07\/Nevtelen-terv-1.png 1080w\" sizes=\"(max-width: 800px) 100vw, 800px\" \/>\t\t\t\t\t\t\t\t\t\t\t\t\t\t\t<\/div>\n\t\t\t\t<\/div>\n\t\t\t\t\t<\/div>\n\t\t<\/div>\n\t\t\t\t<div class=\"elementor-column elementor-col-50 elementor-top-column elementor-element elementor-element-e317d72\" data-id=\"e317d72\" data-element_type=\"column\" data-e-type=\"column\">\n\t\t\t<div class=\"elementor-widget-wrap elementor-element-populated\">\n\t\t\t\t\t\t<div class=\"elementor-element elementor-element-81641c2 elementor-widget elementor-widget-text-editor\" data-id=\"81641c2\" data-element_type=\"widget\" data-e-type=\"widget\" data-widget_type=\"text-editor.default\">\n\t\t\t\t<div class=\"elementor-widget-container\">\n\t\t\t\t\t\t\t\t\t<p>\u00dcdv\u00f6z\u00f6lj\u00fck a WTHitre \u00fcgyfeleit! Az \u00d6n k\u00e9nyelme \u00e9rdek\u00e9ben a GYIK oldalunkat t\u00f6bb nyelvre is leford\u00edtottuk, k\u00f6zt\u00fck angolra, k\u00ednaira \u00e9s n\u00e9metre. Egyszer\u0171en kattintson a nyelv f\u00fclre az oldal tetej\u00e9n, hogy az al\u00e1bbi gombra kattint\u00e1s ut\u00e1n a k\u00edv\u00e1nt nyelven el\u00e9rje a sz\u00fcks\u00e9ges inform\u00e1ci\u00f3kat.<\/p>\t\t\t\t\t\t\t\t<\/div>\n\t\t\t\t<\/div>\n\t\t\t\t<div class=\"elementor-element elementor-element-482ca18 elementor-align-center elementor-widget elementor-widget-button\" data-id=\"482ca18\" data-element_type=\"widget\" data-e-type=\"widget\" data-widget_type=\"button.default\">\n\t\t\t\t<div class=\"elementor-widget-container\">\n\t\t\t\t\t\t\t\t\t<div class=\"elementor-button-wrapper\">\n\t\t\t\t\t<a class=\"elementor-button elementor-button-link elementor-size-sm elementor-animation-grow\" href=\"https:\/\/wthire.com\/faq\/\">\n\t\t\t\t\t\t<span class=\"elementor-button-content-wrapper\">\n\t\t\t\t\t\t\t\t\t<span class=\"elementor-button-text\"> WTHire GYIK miatt kattints ide!<\/span>\n\t\t\t\t\t<\/span>\n\t\t\t\t\t<\/a>\n\t\t\t\t<\/div>\n\t\t\t\t\t\t\t\t<\/div>\n\t\t\t\t<\/div>\n\t\t\t\t\t<\/div>\n\t\t<\/div>\n\t\t\t\t\t<\/div>\n\t\t<\/section>\n\t\t\t\t<section class=\"elementor-section elementor-top-section elementor-element elementor-element-a4f9f75 elementor-section-boxed elementor-section-height-default elementor-section-height-default\" data-id=\"a4f9f75\" data-element_type=\"section\" data-e-type=\"section\">\n\t\t\t\t\t\t<div class=\"elementor-container elementor-column-gap-default\">\n\t\t\t\t\t<div class=\"elementor-column elementor-col-50 elementor-top-column elementor-element elementor-element-b0dfccd\" data-id=\"b0dfccd\" data-element_type=\"column\" data-e-type=\"column\">\n\t\t\t<div class=\"elementor-widget-wrap elementor-element-populated\">\n\t\t\t\t\t\t<div class=\"elementor-element elementor-element-ac2851c elementor-widget elementor-widget-image\" data-id=\"ac2851c\" data-element_type=\"widget\" data-e-type=\"widget\" data-widget_type=\"image.default\">\n\t\t\t\t<div class=\"elementor-widget-container\">\n\t\t\t\t\t\t\t\t\t\t\t\t\t\t\t<img decoding=\"async\" width=\"800\" height=\"800\" src=\"https:\/\/foxautorent.com\/wp-content\/uploads\/2024\/07\/Nevtelen-terv-1024x1024.png\" class=\"attachment-large size-large wp-image-967\" alt=\"\" srcset=\"https:\/\/foxautorent.com\/wp-content\/uploads\/2024\/07\/Nevtelen-terv-1024x1024.png 1024w, https:\/\/foxautorent.com\/wp-content\/uploads\/2024\/07\/Nevtelen-terv-300x300.png 300w, https:\/\/foxautorent.com\/wp-content\/uploads\/2024\/07\/Nevtelen-terv-150x150.png 150w, https:\/\/foxautorent.com\/wp-content\/uploads\/2024\/07\/Nevtelen-terv-768x768.png 768w, https:\/\/foxautorent.com\/wp-content\/uploads\/2024\/07\/Nevtelen-terv-12x12.png 12w, https:\/\/foxautorent.com\/wp-content\/uploads\/2024\/07\/Nevtelen-terv.png 1080w\" sizes=\"(max-width: 800px) 100vw, 800px\" \/>\t\t\t\t\t\t\t\t\t\t\t\t\t\t\t<\/div>\n\t\t\t\t<\/div>\n\t\t\t\t\t<\/div>\n\t\t<\/div>\n\t\t\t\t<div class=\"elementor-column elementor-col-50 elementor-top-column elementor-element elementor-element-cdd9190\" data-id=\"cdd9190\" data-element_type=\"column\" data-e-type=\"column\">\n\t\t\t<div class=\"elementor-widget-wrap elementor-element-populated\">\n\t\t\t\t\t\t<div class=\"elementor-element elementor-element-e6bc968 elementor-widget elementor-widget-text-editor\" data-id=\"e6bc968\" data-element_type=\"widget\" data-e-type=\"widget\" data-widget_type=\"text-editor.default\">\n\t\t\t\t<div class=\"elementor-widget-container\">\n\t\t\t\t\t\t\t\t\t<p>\u00dcdv\u00f6z\u00f6lj\u00fck a Fox Autorent \u00fcgyfeleit! Az \u00d6n k\u00e9nyelme \u00e9rdek\u00e9ben a GYIK oldalunkat t\u00f6bb nyelvre is leford\u00edtottuk, k\u00f6zt\u00fck angolra, k\u00ednaira \u00e9s n\u00e9metre. Egyszer\u0171en kattintson a nyelv f\u00fclre az oldal tetej\u00e9n, hogy az al\u00e1bbi gombra kattint\u00e1s ut\u00e1n a k\u00edv\u00e1nt nyelven el\u00e9rje a sz\u00fcks\u00e9ges inform\u00e1ci\u00f3kat.<\/p>\t\t\t\t\t\t\t\t<\/div>\n\t\t\t\t<\/div>\n\t\t\t\t<div class=\"elementor-element elementor-element-a41d670 elementor-align-center elementor-widget elementor-widget-button\" data-id=\"a41d670\" data-element_type=\"widget\" data-e-type=\"widget\" data-widget_type=\"button.default\">\n\t\t\t\t<div class=\"elementor-widget-container\">\n\t\t\t\t\t\t\t\t\t<div class=\"elementor-button-wrapper\">\n\t\t\t\t\t<a class=\"elementor-button elementor-button-link elementor-size-sm elementor-animation-grow\" href=\"https:\/\/foxautorent.com\/he\/faq\/\">\n\t\t\t\t\t\t<span class=\"elementor-button-content-wrapper\">\n\t\t\t\t\t\t\t\t\t<span class=\"elementor-button-text\">Fox Autorent GYIK miatt kattints ide!<\/span>\n\t\t\t\t\t<\/span>\n\t\t\t\t\t<\/a>\n\t\t\t\t<\/div>\n\t\t\t\t\t\t\t\t<\/div>\n\t\t\t\t<\/div>\n\t\t\t\t\t<\/div>\n\t\t<\/div>\n\t\t\t\t\t<\/div>\n\t\t<\/section>\n\t\t\t\t<section class=\"elementor-section elementor-top-section elementor-element elementor-element-06b9b6f elementor-section-boxed elementor-section-height-default elementor-section-height-default\" data-id=\"06b9b6f\" data-element_type=\"section\" data-e-type=\"section\">\n\t\t\t\t\t\t<div class=\"elementor-container elementor-column-gap-default\">\n\t\t\t\t\t<div class=\"elementor-column elementor-col-50 elementor-top-column elementor-element elementor-element-153ed68\" data-id=\"153ed68\" data-element_type=\"column\" data-e-type=\"column\">\n\t\t\t<div class=\"elementor-widget-wrap elementor-element-populated\">\n\t\t\t\t\t\t<div class=\"elementor-element elementor-element-3e67953 elementor-widget elementor-widget-image\" data-id=\"3e67953\" data-element_type=\"widget\" data-e-type=\"widget\" data-widget_type=\"image.default\">\n\t\t\t\t<div class=\"elementor-widget-container\">\n\t\t\t\t\t\t\t\t\t\t\t\t\t\t\t<img decoding=\"async\" width=\"800\" height=\"800\" src=\"https:\/\/foxautorent.com\/wp-content\/uploads\/2024\/07\/Nevtelen-terv-2-1024x1024.png\" class=\"attachment-large size-large wp-image-968\" alt=\"\" srcset=\"https:\/\/foxautorent.com\/wp-content\/uploads\/2024\/07\/Nevtelen-terv-2-1024x1024.png 1024w, https:\/\/foxautorent.com\/wp-content\/uploads\/2024\/07\/Nevtelen-terv-2-300x300.png 300w, https:\/\/foxautorent.com\/wp-content\/uploads\/2024\/07\/Nevtelen-terv-2-150x150.png 150w, https:\/\/foxautorent.com\/wp-content\/uploads\/2024\/07\/Nevtelen-terv-2-768x768.png 768w, https:\/\/foxautorent.com\/wp-content\/uploads\/2024\/07\/Nevtelen-terv-2-12x12.png 12w, https:\/\/foxautorent.com\/wp-content\/uploads\/2024\/07\/Nevtelen-terv-2.png 1080w\" sizes=\"(max-width: 800px) 100vw, 800px\" \/>\t\t\t\t\t\t\t\t\t\t\t\t\t\t\t<\/div>\n\t\t\t\t<\/div>\n\t\t\t\t\t<\/div>\n\t\t<\/div>\n\t\t\t\t<div class=\"elementor-column elementor-col-50 elementor-top-column elementor-element elementor-element-596bf5f\" data-id=\"596bf5f\" data-element_type=\"column\" data-e-type=\"column\">\n\t\t\t<div class=\"elementor-widget-wrap elementor-element-populated\">\n\t\t\t\t\t\t<div class=\"elementor-element elementor-element-7b45f39 elementor-widget elementor-widget-text-editor\" data-id=\"7b45f39\" data-element_type=\"widget\" data-e-type=\"widget\" data-widget_type=\"text-editor.default\">\n\t\t\t\t<div class=\"elementor-widget-container\">\n\t\t\t\t\t\t\t\t\t<p>\u00dcdv\u00f6z\u00f6lj\u00fck a Kalrental \u00fcgyfeleit! Az \u00d6n k\u00e9nyelme \u00e9rdek\u00e9ben a GYIK oldalunkat t\u00f6bb nyelvre is leford\u00edtottuk, k\u00f6zt\u00fck angolra, k\u00ednaira \u00e9s n\u00e9metre. Egyszer\u0171en kattintson a nyelv f\u00fclre az oldal tetej\u00e9n, hogy az al\u00e1bbi gombra kattint\u00e1s ut\u00e1n a k\u00edv\u00e1nt nyelven el\u00e9rje a sz\u00fcks\u00e9ges inform\u00e1ci\u00f3kat.<\/p>\t\t\t\t\t\t\t\t<\/div>\n\t\t\t\t<\/div>\n\t\t\t\t<div class=\"elementor-element elementor-element-249ff67 elementor-align-center elementor-widget elementor-widget-button\" data-id=\"249ff67\" data-element_type=\"widget\" data-e-type=\"widget\" data-widget_type=\"button.default\">\n\t\t\t\t<div class=\"elementor-widget-container\">\n\t\t\t\t\t\t\t\t\t<div class=\"elementor-button-wrapper\">\n\t\t\t\t\t<a class=\"elementor-button elementor-button-link elementor-size-sm elementor-animation-grow\" href=\"https:\/\/kalrental.com\/faq\/\">\n\t\t\t\t\t\t<span class=\"elementor-button-content-wrapper\">\n\t\t\t\t\t\t\t\t\t<span class=\"elementor-button-text\">Kalrental GYIK miatt kattints ide!<\/span>\n\t\t\t\t\t<\/span>\n\t\t\t\t\t<\/a>\n\t\t\t\t<\/div>\n\t\t\t\t\t\t\t\t<\/div>\n\t\t\t\t<\/div>\n\t\t\t\t\t<\/div>\n\t\t<\/div>\n\t\t\t\t\t<\/div>\n\t\t<\/section>\n\t\t\t\t<section class=\"elementor-section elementor-top-section elementor-element elementor-element-421cc7f elementor-section-boxed elementor-section-height-default elementor-section-height-default\" data-id=\"421cc7f\" data-element_type=\"section\" data-e-type=\"section\">\n\t\t\t\t\t\t<div class=\"elementor-container elementor-column-gap-default\">\n\t\t\t\t\t<div class=\"elementor-column elementor-col-100 elementor-top-column elementor-element elementor-element-95762fc\" data-id=\"95762fc\" data-element_type=\"column\" data-e-type=\"column\">\n\t\t\t<div class=\"elementor-widget-wrap elementor-element-populated\">\n\t\t\t\t\t\t<div class=\"elementor-element elementor-element-2f88cb2 elementor-widget elementor-widget-spacer\" data-id=\"2f88cb2\" data-element_type=\"widget\" data-e-type=\"widget\" data-widget_type=\"spacer.default\">\n\t\t\t\t<div class=\"elementor-widget-container\">\n\t\t\t\t\t\t\t<div class=\"elementor-spacer\">\n\t\t\t<div class=\"elementor-spacer-inner\"><\/div>\n\t\t<\/div>\n\t\t\t\t\t\t<\/div>\n\t\t\t\t<\/div>\n\t\t\t\t\t<\/div>\n\t\t<\/div>\n\t\t\t\t\t<\/div>\n\t\t<\/section>\n\t\t\t\t<\/div>","protected":false},"excerpt":{"rendered":"<p>\u00dcdv\u00f6z\u00f6lj\u00fck a WTHitre \u00fcgyfeleit! Az \u00d6n k\u00e9nyelme \u00e9rdek\u00e9ben a GYIK oldalunkat t\u00f6bb nyelvre is leford\u00edtottuk, k\u00f6zt\u00fck angolra, k\u00ednaira \u00e9s n\u00e9metre. Egyszer\u0171en kattintson a nyelv f\u00fclre az oldal tetej\u00e9n, hogy az al\u00e1bbi gombra kattint\u00e1s ut\u00e1n a k\u00edv\u00e1nt nyelven el\u00e9rje a sz\u00fcks\u00e9ges inform\u00e1ci\u00f3kat. WTHire GYIK miatt kattints ide! \u00dcdv\u00f6z\u00f6lj\u00fck a Fox Autorent \u00fcgyfeleit! Az \u00d6n k\u00e9nyelme \u00e9rdek\u00e9ben [&hellip;]<\/p>\n","protected":false},"author":2,"featured_media":0,"parent":0,"menu_order":0,"comment_status":"closed","ping_status":"closed","template":"elementor_header_footer","meta":{"footnotes":""},"class_list":["post-619","page","type-page","status-publish","hentry"],"_links":{"self":[{"href":"https:\/\/foxautorent.com\/he\/wp-json\/wp\/v2\/pages\/619","targetHints":{"allow":["GET"]}}],"collection":[{"href":"https:\/\/foxautorent.com\/he\/wp-json\/wp\/v2\/pages"}],"about":[{"href":"https:\/\/foxautorent.com\/he\/wp-json\/wp\/v2\/types\/page"}],"author":[{"embeddable":true,"href":"https:\/\/foxautorent.com\/he\/wp-json\/wp\/v2\/users\/2"}],"replies":[{"embeddable":true,"href":"https:\/\/foxautorent.com\/he\/wp-json\/wp\/v2\/comments?post=619"}],"version-history":[{"count":59,"href":"https:\/\/foxautorent.com\/he\/wp-json\/wp\/v2\/pages\/619\/revisions"}],"predecessor-version":[{"id":1238,"href":"https:\/\/foxautorent.com\/he\/wp-json\/wp\/v2\/pages\/619\/revisions\/1238"}],"wp:attachment":[{"href":"https:\/\/foxautorent.com\/he\/wp-json\/wp\/v2\/media?parent=619"}],"curies":[{"name":"wp","href":"https:\/\/api.w.org\/{rel}","templated":true}]}}